{"id":2028,"date":"2022-12-13T07:56:56","date_gmt":"2022-12-13T07:56:56","guid":{"rendered":"https:\/\/www.isifish.fr\/legal-notice\/"},"modified":"2022-12-13T07:56:56","modified_gmt":"2022-12-13T07:56:56","slug":"legal-notice","status":"publish","type":"page","link":"https:\/\/www.isifish.fr\/en\/legal-notice\/","title":{"rendered":"Legal Notice"},"content":{"rendered":"<p>[et_pb_section fb_built=&#8221;1&#8243; admin_label=&#8221;Mention Legales&#8221; _builder_version=&#8221;4.9.2&#8243; _module_preset=&#8221;default&#8221;][et_pb_row module_class=&#8221;mention-legales-text&#8221; _builder_version=&#8221;4.9.2&#8243; _module_preset=&#8221;default&#8221;][et_pb_column type=&#8221;4_4&#8243; _builder_version=&#8221;4.9.2&#8243; _module_preset=&#8221;default&#8221;][et_pb_text admin_label=&#8221;Editor info&#8221; _builder_version=&#8221;4.9.2&#8243; _module_preset=&#8221;default&#8221; hover_enabled=&#8221;0&#8243; sticky_enabled=&#8221;0&#8243;]<\/p>\n<h3><strong>Editor Info:<\/strong><\/h3>\n<p>ISI FISH SAS, soci\u00e9t\u00e9 par action simplifi\u00e9e, 10A rue du moulin \u00e0 vent 29900 Concarneau, France<\/p>\n<p>contact@isifish.fr, +33 2 98 98 60 30<\/p>\n<p><span class=\"ficheNumSiren\">493 809 263<\/span>\u00a0\u00a0R.C.S.\u00a0QUIMPER<\/p>\n<p>N\u00b0de TVA Intracommunautaire: FR54493809263<\/p>\n<p>Published by:\u00a0 Gildas Bodilis<\/p>\n<p>[\/et_pb_text][et_pb_text admin_label=&#8221;Site hosts&#8221; _builder_version=&#8221;4.9.2&#8243; _module_preset=&#8221;default&#8221;]<\/p>\n<h3><strong>Site Hosts:<\/strong><\/h3>\n<p>OVH SAS, 2 rue Kellermann 59100 Roubaix \u2013 France, +33 9 72 10 10 07<\/p>\n<p>[\/et_pb_text][et_pb_text admin_label=&#8221;Photo credit&#8221; _builder_version=&#8221;4.9.2&#8243; _module_preset=&#8221;default&#8221;]<\/p>\n<h3><strong>Photo Credits:<\/strong><\/h3>\n<p>Fran\u00e7ois Quideau (office picture), Jean-Claude Chambon (potters picture), Marc Thierry (Le Bigouden boat), Norbert Bourhis (Le\u00a0Marco II, le Dragon II\u00a0and Le\u00a0Gallus boats), Sylvain Penvern (Le Saint-Andr\u00e9 boat).<\/p>\n<p>The other pictures on the site belong to ISI FISH<\/p>\n<p>[\/et_pb_text][\/et_pb_column][\/et_pb_row][\/et_pb_section]<\/p>\n","protected":false},"excerpt":{"rendered":"<p>[et_pb_section fb_built=&#8221;1&#8243; admin_label=&#8221;Mention Legales&#8221; _builder_version=&#8221;4.9.2&#8243; _module_preset=&#8221;default&#8221;][et_pb_row module_class=&#8221;mention-legales-text&#8221; _builder_version=&#8221;4.9.2&#8243; _module_preset=&#8221;default&#8221;][et_pb_column type=&#8221;4_4&#8243; _builder_version=&#8221;4.9.2&#8243; _module_preset=&#8221;default&#8221;][et_pb_text admin_label=&#8221;Editor info&#8221; _builder_version=&#8221;4.9.2&#8243; _module_preset=&#8221;default&#8221; hover_enabled=&#8221;0&#8243; sticky_enabled=&#8221;0&#8243;] Editor Info: ISI FISH SAS, soci\u00e9t\u00e9 par action simplifi\u00e9e, 10A rue du moulin \u00e0 vent 29900 Concarneau, France contact@isifish.fr, +33 2 98 98 60 30 493 809 263\u00a0\u00a0R.C.S.\u00a0QUIMPER N\u00b0de TVA Intracommunautaire: FR54493809263 Published by:\u00a0 Gildas Bodilis [\/et_pb_text][et_pb_text [&hellip;]<\/p>\n","protected":false},"author":1,"featured_media":0,"parent":0,"menu_order":0,"comment_status":"closed","ping_status":"closed","template":"","meta":{"_acf_changed":false,"_et_pb_use_builder":"on","_et_pb_old_content":"","_et_gb_content_width":"","footnotes":""},"class_list":["post-2028","page","type-page","status-publish","hentry"],"acf":[],"yoast_head":"<!-- This site is optimized with the Yoast SEO plugin v27.4 - https:\/\/yoast.com\/product\/yoast-seo-wordpress\/ -->\n<title>Legal Notice - isifish<\/title>\n<meta name=\"robots\" content=\"index, follow, max-snippet:-1, max-image-preview:large, max-video-preview:-1\" \/>\n<link rel=\"canonical\" href=\"https:\/\/www.isifish.fr\/fr\/mention-legales\/\" \/>\n<meta property=\"og:locale\" content=\"en_US\" \/>\n<meta property=\"og:type\" content=\"article\" \/>\n<meta property=\"og:title\" content=\"Legal Notice - isifish\" \/>\n<meta property=\"og:description\" content=\"[et_pb_section fb_built=&#8221;1&#8243; admin_label=&#8221;Mention Legales&#8221; _builder_version=&#8221;4.9.2&#8243; _module_preset=&#8221;default&#8221;][et_pb_row module_class=&#8221;mention-legales-text&#8221; _builder_version=&#8221;4.9.2&#8243; _module_preset=&#8221;default&#8221;][et_pb_column type=&#8221;4_4&#8243; _builder_version=&#8221;4.9.2&#8243; _module_preset=&#8221;default&#8221;][et_pb_text admin_label=&#8221;Editor info&#8221; _builder_version=&#8221;4.9.2&#8243; _module_preset=&#8221;default&#8221; hover_enabled=&#8221;0&#8243; sticky_enabled=&#8221;0&#8243;] Editor Info: ISI FISH SAS, soci\u00e9t\u00e9 par action simplifi\u00e9e, 10A rue du moulin \u00e0 vent 29900 Concarneau, France contact@isifish.fr, +33 2 98 98 60 30 493 809 263\u00a0\u00a0R.C.S.\u00a0QUIMPER N\u00b0de TVA Intracommunautaire: FR54493809263 Published by:\u00a0 Gildas Bodilis [\/et_pb_text][et_pb_text [&hellip;]\" \/>\n<meta property=\"og:url\" content=\"https:\/\/www.isifish.fr\/fr\/mention-legales\/\" \/>\n<meta property=\"og:site_name\" content=\"isifish\" \/>\n<meta name=\"twitter:card\" content=\"summary_large_image\" \/>\n<meta name=\"twitter:label1\" content=\"Est. reading time\" \/>\n\t<meta name=\"twitter:data1\" content=\"1 minute\" \/>\n<script type=\"application\/ld+json\" class=\"yoast-schema-graph\">{\"@context\":\"https:\\\/\\\/schema.org\",\"@graph\":[{\"@type\":\"WebPage\",\"@id\":\"https:\\\/\\\/www.isifish.fr\\\/fr\\\/mention-legales\\\/\",\"url\":\"https:\\\/\\\/www.isifish.fr\\\/fr\\\/mention-legales\\\/\",\"name\":\"Legal Notice - isifish\",\"isPartOf\":{\"@id\":\"https:\\\/\\\/www.isifish.fr\\\/fr\\\/#website\"},\"datePublished\":\"2022-12-13T07:56:56+00:00\",\"breadcrumb\":{\"@id\":\"https:\\\/\\\/www.isifish.fr\\\/fr\\\/mention-legales\\\/#breadcrumb\"},\"inLanguage\":\"en-US\",\"potentialAction\":[{\"@type\":\"ReadAction\",\"target\":[\"https:\\\/\\\/www.isifish.fr\\\/fr\\\/mention-legales\\\/\"]}]},{\"@type\":\"BreadcrumbList\",\"@id\":\"https:\\\/\\\/www.isifish.fr\\\/fr\\\/mention-legales\\\/#breadcrumb\",\"itemListElement\":[{\"@type\":\"ListItem\",\"position\":1,\"name\":\"Accueil\",\"item\":\"https:\\\/\\\/www.isifish.fr\\\/fr\\\/\"},{\"@type\":\"ListItem\",\"position\":2,\"name\":\"Legal Notice\"}]},{\"@type\":\"WebSite\",\"@id\":\"https:\\\/\\\/www.isifish.fr\\\/fr\\\/#website\",\"url\":\"https:\\\/\\\/www.isifish.fr\\\/fr\\\/\",\"name\":\"isifish\",\"description\":\"Consulting &amp; equipment in geolocation systems for the maritime sector\",\"potentialAction\":[{\"@type\":\"SearchAction\",\"target\":{\"@type\":\"EntryPoint\",\"urlTemplate\":\"https:\\\/\\\/www.isifish.fr\\\/fr\\\/?s={search_term_string}\"},\"query-input\":{\"@type\":\"PropertyValueSpecification\",\"valueRequired\":true,\"valueName\":\"search_term_string\"}}],\"inLanguage\":\"en-US\"}]}<\/script>\n<!-- \/ Yoast SEO plugin. -->","yoast_head_json":{"title":"Legal Notice - isifish","robots":{"index":"index","follow":"follow","max-snippet":"max-snippet:-1","max-image-preview":"max-image-preview:large","max-video-preview":"max-video-preview:-1"},"canonical":"https:\/\/www.isifish.fr\/fr\/mention-legales\/","og_locale":"en_US","og_type":"article","og_title":"Legal Notice - isifish","og_description":"[et_pb_section fb_built=&#8221;1&#8243; admin_label=&#8221;Mention Legales&#8221; _builder_version=&#8221;4.9.2&#8243; _module_preset=&#8221;default&#8221;][et_pb_row module_class=&#8221;mention-legales-text&#8221; _builder_version=&#8221;4.9.2&#8243; _module_preset=&#8221;default&#8221;][et_pb_column type=&#8221;4_4&#8243; _builder_version=&#8221;4.9.2&#8243; _module_preset=&#8221;default&#8221;][et_pb_text admin_label=&#8221;Editor info&#8221; _builder_version=&#8221;4.9.2&#8243; _module_preset=&#8221;default&#8221; hover_enabled=&#8221;0&#8243; sticky_enabled=&#8221;0&#8243;] Editor Info: ISI FISH SAS, soci\u00e9t\u00e9 par action simplifi\u00e9e, 10A rue du moulin \u00e0 vent 29900 Concarneau, France contact@isifish.fr, +33 2 98 98 60 30 493 809 263\u00a0\u00a0R.C.S.\u00a0QUIMPER N\u00b0de TVA Intracommunautaire: FR54493809263 Published by:\u00a0 Gildas Bodilis [\/et_pb_text][et_pb_text [&hellip;]","og_url":"https:\/\/www.isifish.fr\/fr\/mention-legales\/","og_site_name":"isifish","twitter_card":"summary_large_image","twitter_misc":{"Est. reading time":"1 minute"},"schema":{"@context":"https:\/\/schema.org","@graph":[{"@type":"WebPage","@id":"https:\/\/www.isifish.fr\/fr\/mention-legales\/","url":"https:\/\/www.isifish.fr\/fr\/mention-legales\/","name":"Legal Notice - isifish","isPartOf":{"@id":"https:\/\/www.isifish.fr\/fr\/#website"},"datePublished":"2022-12-13T07:56:56+00:00","breadcrumb":{"@id":"https:\/\/www.isifish.fr\/fr\/mention-legales\/#breadcrumb"},"inLanguage":"en-US","potentialAction":[{"@type":"ReadAction","target":["https:\/\/www.isifish.fr\/fr\/mention-legales\/"]}]},{"@type":"BreadcrumbList","@id":"https:\/\/www.isifish.fr\/fr\/mention-legales\/#breadcrumb","itemListElement":[{"@type":"ListItem","position":1,"name":"Accueil","item":"https:\/\/www.isifish.fr\/fr\/"},{"@type":"ListItem","position":2,"name":"Legal Notice"}]},{"@type":"WebSite","@id":"https:\/\/www.isifish.fr\/fr\/#website","url":"https:\/\/www.isifish.fr\/fr\/","name":"isifish","description":"Consulting &amp; equipment in geolocation systems for the maritime sector","potentialAction":[{"@type":"SearchAction","target":{"@type":"EntryPoint","urlTemplate":"https:\/\/www.isifish.fr\/fr\/?s={search_term_string}"},"query-input":{"@type":"PropertyValueSpecification","valueRequired":true,"valueName":"search_term_string"}}],"inLanguage":"en-US"}]}},"_links":{"self":[{"href":"https:\/\/www.isifish.fr\/en\/wp-json\/wp\/v2\/pages\/2028","targetHints":{"allow":["GET"]}}],"collection":[{"href":"https:\/\/www.isifish.fr\/en\/wp-json\/wp\/v2\/pages"}],"about":[{"href":"https:\/\/www.isifish.fr\/en\/wp-json\/wp\/v2\/types\/page"}],"author":[{"embeddable":true,"href":"https:\/\/www.isifish.fr\/en\/wp-json\/wp\/v2\/users\/1"}],"replies":[{"embeddable":true,"href":"https:\/\/www.isifish.fr\/en\/wp-json\/wp\/v2\/comments?post=2028"}],"version-history":[{"count":1,"href":"https:\/\/www.isifish.fr\/en\/wp-json\/wp\/v2\/pages\/2028\/revisions"}],"predecessor-version":[{"id":2029,"href":"https:\/\/www.isifish.fr\/en\/wp-json\/wp\/v2\/pages\/2028\/revisions\/2029"}],"wp:attachment":[{"href":"https:\/\/www.isifish.fr\/en\/wp-json\/wp\/v2\/media?parent=2028"}],"curies":[{"name":"wp","href":"https:\/\/api.w.org\/{rel}","templated":true}]}}