{"id":2018,"date":"2022-12-13T07:04:28","date_gmt":"2022-12-13T07:04:28","guid":{"rendered":"https:\/\/www.isifish.fr\/?page_id=2018"},"modified":"2023-03-28T07:42:36","modified_gmt":"2023-03-28T07:42:36","slug":"mention-legales","status":"publish","type":"page","link":"https:\/\/www.isifish.fr\/fr\/mention-legales\/","title":{"rendered":"Mention Legales"},"content":{"rendered":"<p>[et_pb_section fb_built=\u00a0\u00bb1&Prime; admin_label=\u00a0\u00bbMention Legales\u00a0\u00bb _builder_version=\u00a0\u00bb4.9.2&Prime; _module_preset=\u00a0\u00bbdefault\u00a0\u00bb][et_pb_row module_class=\u00a0\u00bbmention-legales-text\u00a0\u00bb _builder_version=\u00a0\u00bb4.9.2&Prime; _module_preset=\u00a0\u00bbdefault\u00a0\u00bb][et_pb_column type=\u00a0\u00bb4_4&Prime; _builder_version=\u00a0\u00bb4.9.2&Prime; _module_preset=\u00a0\u00bbdefault\u00a0\u00bb][et_pb_text admin_label=\u00a0\u00bbEditor info\u00a0\u00bb _builder_version=\u00a0\u00bb4.9.2&Prime; _module_preset=\u00a0\u00bbdefault\u00a0\u00bb hover_enabled=\u00a0\u00bb0&Prime; sticky_enabled=\u00a0\u00bb0&Prime;]<\/p>\n<h3><strong>Infos \u00e9diteur :<\/strong><\/h3>\n<p>ISI FISH SAS, soci\u00e9t\u00e9 par action simplifi\u00e9e, 10A rue du moulin \u00e0 vent 29900 Concarneau, France<\/p>\n<p>contact@isifish.fr, +33 2 98 98 60 30<\/p>\n<p><span class=\"ficheNumSiren\">493 809 263<\/span>\u00a0\u00a0R.C.S.\u00a0QUIMPER<\/p>\n<p>N\u00b0 de TVA Intracommunautaire: FR54493809263<\/p>\n<p>Responsable de publication : Gildas Bodilis<\/p>\n<p>[\/et_pb_text][et_pb_text admin_label=\u00a0\u00bbSite hosts\u00a0\u00bb _builder_version=\u00a0\u00bb4.9.2&Prime; _module_preset=\u00a0\u00bbdefault\u00a0\u00bb hover_enabled=\u00a0\u00bb0&Prime; sticky_enabled=\u00a0\u00bb0&Prime;]<\/p>\n<h3><strong>H\u00e9bergeur :<\/strong><\/h3>\n<p>Nexylan <span class=\"w8qArf\">\u00a0<\/span><span class=\"LrzXr\">274 ter Av. de la Marne, 59700 Marcq-en-Bar\u0153ul<\/span> \u2013 France, +333 66 72 15 72<\/p>\n<p>[\/et_pb_text][et_pb_text admin_label=\u00a0\u00bbPhoto credit\u00a0\u00bb _builder_version=\u00a0\u00bb4.9.2&Prime; _module_preset=\u00a0\u00bbdefault\u00a0\u00bb hover_enabled=\u00a0\u00bb0&Prime; sticky_enabled=\u00a0\u00bb0&Prime;]<\/p>\n<h3><strong>Cr\u00e9dits photos :<\/strong><\/h3>\n<p>Fran\u00e7ois Quideau (bureaux), Jean-Claude Chambon (photo caseyeurs), Marc Thierry (bateau Le Bigouden), Norbert Bourhis (bateaux Le Marco II, le Dragon II et Le Gallus), Sylvain Penvern (bateau Le Saint-Andr\u00e9).<\/p>\n<p>Les autres photos pr\u00e9sentes sur le site appartiennent \u00e0 ISI FISH<\/p>\n<p>[\/et_pb_text][\/et_pb_column][\/et_pb_row][\/et_pb_section]<\/p>\n","protected":false},"excerpt":{"rendered":"<p>[et_pb_section fb_built=\u00a0\u00bb1&Prime; admin_label=\u00a0\u00bbMention Legales\u00a0\u00bb _builder_version=\u00a0\u00bb4.9.2&Prime; _module_preset=\u00a0\u00bbdefault\u00a0\u00bb][et_pb_row module_class=\u00a0\u00bbmention-legales-text\u00a0\u00bb _builder_version=\u00a0\u00bb4.9.2&Prime; _module_preset=\u00a0\u00bbdefault\u00a0\u00bb][et_pb_column type=\u00a0\u00bb4_4&Prime; _builder_version=\u00a0\u00bb4.9.2&Prime; _module_preset=\u00a0\u00bbdefault\u00a0\u00bb][et_pb_text admin_label=\u00a0\u00bbEditor info\u00a0\u00bb _builder_version=\u00a0\u00bb4.9.2&Prime; _module_preset=\u00a0\u00bbdefault\u00a0\u00bb hover_enabled=\u00a0\u00bb0&Prime; sticky_enabled=\u00a0\u00bb0&Prime;] Infos \u00e9diteur : ISI FISH SAS, soci\u00e9t\u00e9 par action simplifi\u00e9e, 10A rue du moulin \u00e0 vent 29900 Concarneau, France contact@isifish.fr, +33 2 98 98 60 30 493 809 263\u00a0\u00a0R.C.S.\u00a0QUIMPER N\u00b0 de TVA Intracommunautaire: FR54493809263 Responsable de publication [&hellip;]<\/p>\n","protected":false},"author":1,"featured_media":0,"parent":0,"menu_order":0,"comment_status":"closed","ping_status":"closed","template":"","meta":{"_acf_changed":false,"_et_pb_use_builder":"on","_et_pb_old_content":"","_et_gb_content_width":"","footnotes":""},"class_list":["post-2018","page","type-page","status-publish","hentry"],"acf":[],"yoast_head":"<!-- This site is optimized with the Yoast SEO plugin v27.4 - https:\/\/yoast.com\/product\/yoast-seo-wordpress\/ -->\n<title>Mention Legales - isifish<\/title>\n<meta name=\"robots\" content=\"index, follow, max-snippet:-1, max-image-preview:large, max-video-preview:-1\" \/>\n<link rel=\"canonical\" href=\"https:\/\/www.isifish.fr\/fr\/mention-legales\/\" \/>\n<meta property=\"og:locale\" content=\"fr_FR\" \/>\n<meta property=\"og:type\" content=\"article\" \/>\n<meta property=\"og:title\" content=\"Mention Legales - isifish\" \/>\n<meta property=\"og:description\" content=\"[et_pb_section fb_built=\u00a0\u00bb1&Prime; admin_label=\u00a0\u00bbMention Legales\u00a0\u00bb _builder_version=\u00a0\u00bb4.9.2&Prime; _module_preset=\u00a0\u00bbdefault\u00a0\u00bb][et_pb_row module_class=\u00a0\u00bbmention-legales-text\u00a0\u00bb _builder_version=\u00a0\u00bb4.9.2&Prime; _module_preset=\u00a0\u00bbdefault\u00a0\u00bb][et_pb_column type=\u00a0\u00bb4_4&Prime; _builder_version=\u00a0\u00bb4.9.2&Prime; _module_preset=\u00a0\u00bbdefault\u00a0\u00bb][et_pb_text admin_label=\u00a0\u00bbEditor info\u00a0\u00bb _builder_version=\u00a0\u00bb4.9.2&Prime; _module_preset=\u00a0\u00bbdefault\u00a0\u00bb hover_enabled=\u00a0\u00bb0&Prime; sticky_enabled=\u00a0\u00bb0&Prime;] Infos \u00e9diteur : ISI FISH SAS, soci\u00e9t\u00e9 par action simplifi\u00e9e, 10A rue du moulin \u00e0 vent 29900 Concarneau, France contact@isifish.fr, +33 2 98 98 60 30 493 809 263\u00a0\u00a0R.C.S.\u00a0QUIMPER N\u00b0 de TVA Intracommunautaire: FR54493809263 Responsable de publication [&hellip;]\" \/>\n<meta property=\"og:url\" content=\"https:\/\/www.isifish.fr\/fr\/mention-legales\/\" \/>\n<meta property=\"og:site_name\" content=\"isifish\" \/>\n<meta property=\"article:modified_time\" content=\"2023-03-28T07:42:36+00:00\" \/>\n<meta name=\"twitter:card\" content=\"summary_large_image\" \/>\n<meta name=\"twitter:label1\" content=\"Dur\u00e9e de lecture estim\u00e9e\" \/>\n\t<meta name=\"twitter:data1\" content=\"1 minute\" \/>\n<script type=\"application\/ld+json\" class=\"yoast-schema-graph\">{\"@context\":\"https:\\\/\\\/schema.org\",\"@graph\":[{\"@type\":\"WebPage\",\"@id\":\"https:\\\/\\\/www.isifish.fr\\\/fr\\\/mention-legales\\\/\",\"url\":\"https:\\\/\\\/www.isifish.fr\\\/fr\\\/mention-legales\\\/\",\"name\":\"Mention Legales - isifish\",\"isPartOf\":{\"@id\":\"https:\\\/\\\/www.isifish.fr\\\/fr\\\/#website\"},\"datePublished\":\"2022-12-13T07:04:28+00:00\",\"dateModified\":\"2023-03-28T07:42:36+00:00\",\"breadcrumb\":{\"@id\":\"https:\\\/\\\/www.isifish.fr\\\/fr\\\/mention-legales\\\/#breadcrumb\"},\"inLanguage\":\"fr-FR\",\"potentialAction\":[{\"@type\":\"ReadAction\",\"target\":[\"https:\\\/\\\/www.isifish.fr\\\/fr\\\/mention-legales\\\/\"]}]},{\"@type\":\"BreadcrumbList\",\"@id\":\"https:\\\/\\\/www.isifish.fr\\\/fr\\\/mention-legales\\\/#breadcrumb\",\"itemListElement\":[{\"@type\":\"ListItem\",\"position\":1,\"name\":\"Accueil\",\"item\":\"https:\\\/\\\/www.isifish.fr\\\/fr\\\/\"},{\"@type\":\"ListItem\",\"position\":2,\"name\":\"Mention Legales\"}]},{\"@type\":\"WebSite\",\"@id\":\"https:\\\/\\\/www.isifish.fr\\\/fr\\\/#website\",\"url\":\"https:\\\/\\\/www.isifish.fr\\\/fr\\\/\",\"name\":\"isifish\",\"description\":\"Conseil &amp; \u00e9quipement en syst\u00e8mes de g\u00e9olocalisation pour le secteur maritime\",\"potentialAction\":[{\"@type\":\"SearchAction\",\"target\":{\"@type\":\"EntryPoint\",\"urlTemplate\":\"https:\\\/\\\/www.isifish.fr\\\/fr\\\/?s={search_term_string}\"},\"query-input\":{\"@type\":\"PropertyValueSpecification\",\"valueRequired\":true,\"valueName\":\"search_term_string\"}}],\"inLanguage\":\"fr-FR\"}]}<\/script>\n<!-- \/ Yoast SEO plugin. -->","yoast_head_json":{"title":"Mention Legales - isifish","robots":{"index":"index","follow":"follow","max-snippet":"max-snippet:-1","max-image-preview":"max-image-preview:large","max-video-preview":"max-video-preview:-1"},"canonical":"https:\/\/www.isifish.fr\/fr\/mention-legales\/","og_locale":"fr_FR","og_type":"article","og_title":"Mention Legales - isifish","og_description":"[et_pb_section fb_built=\u00a0\u00bb1&Prime; admin_label=\u00a0\u00bbMention Legales\u00a0\u00bb _builder_version=\u00a0\u00bb4.9.2&Prime; _module_preset=\u00a0\u00bbdefault\u00a0\u00bb][et_pb_row module_class=\u00a0\u00bbmention-legales-text\u00a0\u00bb _builder_version=\u00a0\u00bb4.9.2&Prime; _module_preset=\u00a0\u00bbdefault\u00a0\u00bb][et_pb_column type=\u00a0\u00bb4_4&Prime; _builder_version=\u00a0\u00bb4.9.2&Prime; _module_preset=\u00a0\u00bbdefault\u00a0\u00bb][et_pb_text admin_label=\u00a0\u00bbEditor info\u00a0\u00bb _builder_version=\u00a0\u00bb4.9.2&Prime; _module_preset=\u00a0\u00bbdefault\u00a0\u00bb hover_enabled=\u00a0\u00bb0&Prime; sticky_enabled=\u00a0\u00bb0&Prime;] Infos \u00e9diteur : ISI FISH SAS, soci\u00e9t\u00e9 par action simplifi\u00e9e, 10A rue du moulin \u00e0 vent 29900 Concarneau, France contact@isifish.fr, +33 2 98 98 60 30 493 809 263\u00a0\u00a0R.C.S.\u00a0QUIMPER N\u00b0 de TVA Intracommunautaire: FR54493809263 Responsable de publication [&hellip;]","og_url":"https:\/\/www.isifish.fr\/fr\/mention-legales\/","og_site_name":"isifish","article_modified_time":"2023-03-28T07:42:36+00:00","twitter_card":"summary_large_image","twitter_misc":{"Dur\u00e9e de lecture estim\u00e9e":"1 minute"},"schema":{"@context":"https:\/\/schema.org","@graph":[{"@type":"WebPage","@id":"https:\/\/www.isifish.fr\/fr\/mention-legales\/","url":"https:\/\/www.isifish.fr\/fr\/mention-legales\/","name":"Mention Legales - isifish","isPartOf":{"@id":"https:\/\/www.isifish.fr\/fr\/#website"},"datePublished":"2022-12-13T07:04:28+00:00","dateModified":"2023-03-28T07:42:36+00:00","breadcrumb":{"@id":"https:\/\/www.isifish.fr\/fr\/mention-legales\/#breadcrumb"},"inLanguage":"fr-FR","potentialAction":[{"@type":"ReadAction","target":["https:\/\/www.isifish.fr\/fr\/mention-legales\/"]}]},{"@type":"BreadcrumbList","@id":"https:\/\/www.isifish.fr\/fr\/mention-legales\/#breadcrumb","itemListElement":[{"@type":"ListItem","position":1,"name":"Accueil","item":"https:\/\/www.isifish.fr\/fr\/"},{"@type":"ListItem","position":2,"name":"Mention Legales"}]},{"@type":"WebSite","@id":"https:\/\/www.isifish.fr\/fr\/#website","url":"https:\/\/www.isifish.fr\/fr\/","name":"isifish","description":"Conseil &amp; \u00e9quipement en syst\u00e8mes de g\u00e9olocalisation pour le secteur maritime","potentialAction":[{"@type":"SearchAction","target":{"@type":"EntryPoint","urlTemplate":"https:\/\/www.isifish.fr\/fr\/?s={search_term_string}"},"query-input":{"@type":"PropertyValueSpecification","valueRequired":true,"valueName":"search_term_string"}}],"inLanguage":"fr-FR"}]}},"_links":{"self":[{"href":"https:\/\/www.isifish.fr\/fr\/wp-json\/wp\/v2\/pages\/2018","targetHints":{"allow":["GET"]}}],"collection":[{"href":"https:\/\/www.isifish.fr\/fr\/wp-json\/wp\/v2\/pages"}],"about":[{"href":"https:\/\/www.isifish.fr\/fr\/wp-json\/wp\/v2\/types\/page"}],"author":[{"embeddable":true,"href":"https:\/\/www.isifish.fr\/fr\/wp-json\/wp\/v2\/users\/1"}],"replies":[{"embeddable":true,"href":"https:\/\/www.isifish.fr\/fr\/wp-json\/wp\/v2\/comments?post=2018"}],"version-history":[{"count":6,"href":"https:\/\/www.isifish.fr\/fr\/wp-json\/wp\/v2\/pages\/2018\/revisions"}],"predecessor-version":[{"id":2141,"href":"https:\/\/www.isifish.fr\/fr\/wp-json\/wp\/v2\/pages\/2018\/revisions\/2141"}],"wp:attachment":[{"href":"https:\/\/www.isifish.fr\/fr\/wp-json\/wp\/v2\/media?parent=2018"}],"curies":[{"name":"wp","href":"https:\/\/api.w.org\/{rel}","templated":true}]}}