{"id":890,"date":"2021-03-19T05:28:23","date_gmt":"2021-03-19T05:28:23","guid":{"rendered":"http:\/\/www.isifish.fr\/?page_id=890"},"modified":"2025-01-08T13:36:44","modified_gmt":"2025-01-08T13:36:44","slug":"etude-innovation","status":"publish","type":"page","link":"https:\/\/www.isifish.fr\/fr\/etude-innovation\/","title":{"rendered":"Etude et innovation"},"content":{"rendered":"<p>[et_pb_section fb_built=\u00a0\u00bb1&Prime; admin_label=\u00a0\u00bbTite + description\u00a0\u00bb _builder_version=\u00a0\u00bb4.0.11&Prime; collapsed=\u00a0\u00bboff\u00a0\u00bb][et_pb_row admin_label=\u00a0\u00bbLigne\u00a0\u00bb _builder_version=\u00a0\u00bb4.9.2&Prime; collapsed=\u00a0\u00bboff\u00a0\u00bb][et_pb_column type=\u00a0\u00bb4_4&Prime; _builder_version=\u00a0\u00bb4.0.11&Prime;][et_pb_text admin_label=\u00a0\u00bbTitre h1&Prime; module_class=\u00a0\u00bbh1_page_title marginBm\u00a0\u00bb _builder_version=\u00a0\u00bb4.9.2&Prime;]<\/p>\n<h1>UNE M\u00c9THODOLOGIE \u00c9PROUV\u00c9E DEPUIS 2012<\/h1>\n<p>[\/et_pb_text][et_pb_text admin_label=\u00a0\u00bbdescription \u00a0\u00bb module_class=\u00a0\u00bbcustom-p2&Prime; _builder_version=\u00a0\u00bb4.9.2&Prime; hover_enabled=\u00a0\u00bb0&Prime; sticky_enabled=\u00a0\u00bb0&Prime;]<\/p>\n<p>Fortes de ses comp\u00e9tences en halieutique et de ses connaissances du secteur maritime, l\u2019\u00e9quipe ISIFISH guide depuis toujours ses clients dans le choix de solutions technologiques et innovantes adapt\u00e9es \u00e0 leurs besoins et leur environnement.<\/p>\n<p>ISIFISH con\u00e7oit l\u2019accompagnement du Client comme un service qui va bien au-del\u00e0 de la simple vente des produits du catalogue. ISIFISH propose d\u2019intervenir \u00e0 diff\u00e9rents moments du projet de ses clients : en amont \u00e0 travers une analyse des besoins, une \u00e9tude technique, ainsi qu\u2019en aval avec l\u2019assistance, la formation des utilisateurs et le SAV.<\/p>\n<p>[\/et_pb_text][\/et_pb_column][\/et_pb_row][\/et_pb_section][et_pb_section fb_built=\u00a0\u00bb1&Prime; module_id=\u00a0\u00bbnoPadding_top\u00a0\u00bb _builder_version=\u00a0\u00bb4.0.11&Prime; collapsed=\u00a0\u00bboff\u00a0\u00bb][et_pb_row column_structure=\u00a0\u00bb1_2,1_2&Prime; admin_label=\u00a0\u00bbDesktop\u00a0\u00bb module_id=\u00a0\u00bbdiplay-on-D\u00a0\u00bb module_class=\u00a0\u00bbmarginBM\u00a0\u00bb _builder_version=\u00a0\u00bb4.9.2&Prime; collapsed=\u00a0\u00bboff\u00a0\u00bb][et_pb_column type=\u00a0\u00bb1_2&Prime; module_class=\u00a0\u00bbwidth-50 paddingRight-50&Prime; _builder_version=\u00a0\u00bb4.0.11&Prime;][et_pb_text admin_label=\u00a0\u00bbH2 Title\u00a0\u00bb module_class=\u00a0\u00bbcustom-h2 marginBm noMarginb-M \u00a0\u00bb _builder_version=\u00a0\u00bb4.0.11&Prime;]<\/p>\n<h2>Diagnostic et analyse des besoins<\/h2>\n<p>[\/et_pb_text][et_pb_text module_class=\u00a0\u00bbcustom-p2&Prime; _builder_version=\u00a0\u00bb4.0.11&Prime; hover_enabled=\u00a0\u00bb0&Prime; sticky_enabled=\u00a0\u00bb0&Prime;]<\/p>\n<p>Apporter de la technologie et de l\u2019innovation aux acteurs maritimes pour mieux appr\u00e9hender l\u2019environnement et apporter l\u2019information qui facilite la prise de d\u00e9cision<\/p>\n<p>Notre mission aupr\u00e8s de nos clients d\u00e9bute par un audit des pratiques et des outils existants puis se poursuit par une analyse des besoins afin de proposer des produits ou des solutions r\u00e9pondant \u00e0 la probl\u00e9matique rencontr\u00e9e<\/p>\n<p>[\/et_pb_text][\/et_pb_column][et_pb_column type=\u00a0\u00bb1_2&Prime; module_class=\u00a0\u00bbwidth-50&Prime; _builder_version=\u00a0\u00bb4.0.11&Prime;][et_pb_image src=\u00a0\u00bbhttps:\/\/www.isifish.fr\/wp-content\/uploads\/2021\/04\/isifish-Etude-et-innovation-1.jpg\u00a0\u00bb title_text=\u00a0\u00bbisifish &#8211; Etude et innovation 1&Prime; module_class=\u00a0\u00bbwidth-100&Prime; _builder_version=\u00a0\u00bb4.9.2&Prime;][\/et_pb_image][\/et_pb_column][\/et_pb_row][et_pb_row column_structure=\u00a0\u00bb1_2,1_2&Prime; admin_label=\u00a0\u00bbMobile\u00a0\u00bb module_id=\u00a0\u00bbdiplay-on-M\u00a0\u00bb module_class=\u00a0\u00bbmarginBM\u00a0\u00bb _builder_version=\u00a0\u00bb4.9.2&Prime; collapsed=\u00a0\u00bboff\u00a0\u00bb][et_pb_column type=\u00a0\u00bb1_2&Prime; module_class=\u00a0\u00bbwidth-50 paddingRight-50&Prime; _builder_version=\u00a0\u00bb4.0.11&Prime;][et_pb_image src=\u00a0\u00bbhttps:\/\/www.isifish.fr\/wp-content\/uploads\/2021\/04\/isifish-Etude-et-innovation-1.jpg\u00a0\u00bb title_text=\u00a0\u00bbisifish &#8211; Etude et innovation 1&Prime; module_class=\u00a0\u00bbwidth-100&Prime; _builder_version=\u00a0\u00bb4.9.2&Prime;][\/et_pb_image][\/et_pb_column][et_pb_column type=\u00a0\u00bb1_2&Prime; module_class=\u00a0\u00bbwidth-50&Prime; _builder_version=\u00a0\u00bb4.9.2&Prime;][et_pb_text admin_label=\u00a0\u00bbH2 Title\u00a0\u00bb module_class=\u00a0\u00bbcustom-h2 marginBm noMarginb-M margin-top-20&Prime; _builder_version=\u00a0\u00bb4.9.2&Prime;]<\/p>\n<h2>Diagnostic et analyse de vos besoins<\/h2>\n<p>[\/et_pb_text][et_pb_text module_class=\u00a0\u00bbcustom-p2&Prime; _builder_version=\u00a0\u00bb4.0.11&Prime;]<\/p>\n<p>Apporter de la technologie et de l\u2019innovation aux acteurs maritimes pour mieux appr\u00e9hender l\u2019environnement et apporter l\u2019information qui facilite la prise de d\u00e9cision<\/p>\n<p>Notre mission aupr\u00e8s de nos clients d\u00e9bute par un audit des pratiques et des outils existants puis se poursuit par une analyse des besoins afin de proposer des produits ou des solutions r\u00e9pondant \u00e0 la probl\u00e9matique rencontr\u00e9e<\/p>\n<p>[\/et_pb_text][\/et_pb_column][\/et_pb_row][et_pb_row column_structure=\u00a0\u00bb1_2,1_2&Prime; module_class=\u00a0\u00bbmarginBM\u00a0\u00bb _builder_version=\u00a0\u00bb4.9.2&Prime; collapsed=\u00a0\u00bboff\u00a0\u00bb][et_pb_column type=\u00a0\u00bb1_2&Prime; module_class=\u00a0\u00bbwidth-50&Prime; _builder_version=\u00a0\u00bb4.0.11&Prime;][et_pb_image src=\u00a0\u00bbhttps:\/\/www.isifish.fr\/wp-content\/uploads\/2021\/04\/isifish-Etude-et-innovation-2.jpg\u00a0\u00bb title_text=\u00a0\u00bbisifish &#8211; Etude et innovation 2&Prime; module_class=\u00a0\u00bbwidth-100&Prime; _builder_version=\u00a0\u00bb4.9.2&Prime;][\/et_pb_image][\/et_pb_column][et_pb_column type=\u00a0\u00bb1_2&Prime; module_class=\u00a0\u00bbwidth-50 paddingLeft-50&Prime; _builder_version=\u00a0\u00bb4.0.11&Prime;][et_pb_text admin_label=\u00a0\u00bbH2 Title\u00a0\u00bb module_class=\u00a0\u00bbcustom-h2 marginBm noMarginb-M  margin-top-20&Prime; _builder_version=\u00a0\u00bb4.9.2&Prime;]<\/p>\n<h2>Etude technique et pr\u00e9conisation<\/h2>\n<p>[\/et_pb_text][et_pb_text module_class=\u00a0\u00bbcustom-p2&Prime; _builder_version=\u00a0\u00bb4.0.11&Prime;]<\/p>\n<p>Mener une r\u00e9flexion pour d\u00e9finir un nouveau produit ou un nouveau service pour r\u00e9pondre \u00e0 de nouveaux objectifs, rechercher les moyens de sa r\u00e9alisation<\/p>\n<p>Adapter l\u2019utilisation des produits \u00e0 d\u2019autres champs que l\u2019halieutique, permettre aux autres acteurs maritimes de collecter des informations sur l\u2019environnement marin et participer ainsi \u00e0 une meilleure connaissance des oc\u00e9ans.<\/p>\n<p>[\/et_pb_text][\/et_pb_column][\/et_pb_row][et_pb_row column_structure=\u00a0\u00bb1_2,1_2&Prime; admin_label=\u00a0\u00bbDesktop\u00a0\u00bb module_id=\u00a0\u00bbdiplay-on-D\u00a0\u00bb module_class=\u00a0\u00bbmarginBM\u00a0\u00bb _builder_version=\u00a0\u00bb4.9.2&Prime; collapsed=\u00a0\u00bboff\u00a0\u00bb][et_pb_column type=\u00a0\u00bb1_2&Prime; module_class=\u00a0\u00bbwidth-50 paddingRight-50&Prime; _builder_version=\u00a0\u00bb4.0.11&Prime;][et_pb_text admin_label=\u00a0\u00bbH2 Title\u00a0\u00bb module_class=\u00a0\u00bbcustom-h2 marginBm\u00a0\u00bb _builder_version=\u00a0\u00bb4.0.11&Prime;]<\/p>\n<h2>Assistance et installation<\/h2>\n<p>[\/et_pb_text][et_pb_text module_class=\u00a0\u00bbcustom-p2&Prime; _builder_version=\u00a0\u00bb4.0.11&Prime;]<\/p>\n<p>En contact permanent avec nos fournisseurs et nos clients, les entreprises partenaires d\u2019ISI FISH sont disponibles 24\/7 pour vous assister dans l\u2019utilisation ou le service apr\u00e8s-vente des mat\u00e9riels.<\/p>\n<p>Partout dans le monde, il y a un technicien, un revendeur,un partenaire disponible et comp\u00e9tent pour vous assister, vous conseiller ou vous d\u00e9panner.<\/p>\n<p>[\/et_pb_text][\/et_pb_column][et_pb_column type=\u00a0\u00bb1_2&Prime; module_class=\u00a0\u00bbwidth-50&Prime; _builder_version=\u00a0\u00bb4.0.11&Prime;][et_pb_image src=\u00a0\u00bbhttps:\/\/www.isifish.fr\/wp-content\/uploads\/2021\/04\/isifish-Etude-et-innovation-3.jpg\u00a0\u00bb title_text=\u00a0\u00bbisifish &#8211; Etude et innovation 3&Prime; module_class=\u00a0\u00bbwidth-100&Prime; _builder_version=\u00a0\u00bb4.9.2&Prime;][\/et_pb_image][\/et_pb_column][\/et_pb_row][et_pb_row column_structure=\u00a0\u00bb1_2,1_2&Prime; admin_label=\u00a0\u00bbMobile\u00a0\u00bb module_id=\u00a0\u00bbdiplay-on-M\u00a0\u00bb module_class=\u00a0\u00bbmarginBM\u00a0\u00bb _builder_version=\u00a0\u00bb4.9.2&Prime; collapsed=\u00a0\u00bboff\u00a0\u00bb][et_pb_column type=\u00a0\u00bb1_2&Prime; module_class=\u00a0\u00bbwidth-50 paddingRight-50&Prime; _builder_version=\u00a0\u00bb4.0.11&Prime;][et_pb_image src=\u00a0\u00bbhttps:\/\/www.isifish.fr\/wp-content\/uploads\/2021\/04\/isifish-Etude-et-innovation-3.jpg\u00a0\u00bb title_text=\u00a0\u00bbisifish &#8211; Etude et innovation 3&Prime; module_class=\u00a0\u00bbwidth-100&Prime; _builder_version=\u00a0\u00bb4.9.2&Prime;][\/et_pb_image][\/et_pb_column][et_pb_column type=\u00a0\u00bb1_2&Prime; module_class=\u00a0\u00bbwidth-50&Prime; _builder_version=\u00a0\u00bb4.0.11&Prime;][et_pb_text admin_label=\u00a0\u00bbH2 Title\u00a0\u00bb module_class=\u00a0\u00bbcustom-h2 marginBm noMarginb-M margin-top-20&Prime; _builder_version=\u00a0\u00bb4.9.2&Prime;]<\/p>\n<h2>Assistance et installation<\/h2>\n<p>[\/et_pb_text][et_pb_text module_class=\u00a0\u00bbcustom-p2&Prime; _builder_version=\u00a0\u00bb4.0.11&Prime;]<\/p>\n<p>En contact permanent avec nos fournisseurs et nos clients, les entreprises partenaires d\u2019ISI FISH sont disponibles 24\/7 pour vous assister dans l\u2019utilisation ou le service apr\u00e8s-vente des mat\u00e9riels.<\/p>\n<p>Partout dans le monde, il y a un technicien, un revendeur,un partenaire disponible et comp\u00e9tent pour vous assister, vous conseiller ou vous d\u00e9panner.<\/p>\n<p>[\/et_pb_text][\/et_pb_column][\/et_pb_row][et_pb_row column_structure=\u00a0\u00bb1_2,1_2&Prime; module_class=\u00a0\u00bbmarginBM\u00a0\u00bb _builder_version=\u00a0\u00bb4.9.2&Prime; collapsed=\u00a0\u00bboff\u00a0\u00bb][et_pb_column type=\u00a0\u00bb1_2&Prime; module_class=\u00a0\u00bbwidth-50&Prime; _builder_version=\u00a0\u00bb4.0.11&Prime;][et_pb_image src=\u00a0\u00bbhttps:\/\/www.isifish.fr\/wp-content\/uploads\/2021\/04\/isifish-Etude-et-innovation-4.jpg\u00a0\u00bb title_text=\u00a0\u00bbisifish &#8211; Etude et innovation 4&Prime; module_class=\u00a0\u00bbwidth-100&Prime; _builder_version=\u00a0\u00bb4.9.2&Prime;][\/et_pb_image][\/et_pb_column][et_pb_column type=\u00a0\u00bb1_2&Prime; module_class=\u00a0\u00bbwidth-50 paddingLeft-50&Prime; _builder_version=\u00a0\u00bb4.0.11&Prime;][et_pb_text admin_label=\u00a0\u00bbH2 Title\u00a0\u00bb module_class=\u00a0\u00bbcustom-h2 marginBm noMarginb-M margin-top-20&Prime; _builder_version=\u00a0\u00bb4.9.2&Prime;]<\/p>\n<h2>Formation des navigants et des gestionnaires de flotte<\/h2>\n<p>[\/et_pb_text][et_pb_text module_class=\u00a0\u00bbcustom-p2&Prime; _builder_version=\u00a0\u00bb4.0.11&Prime;]<\/p>\n<p>Les fournisseurs et partenaires d\u2019ISI FISH s\u2019appuient sur leur connaissance du secteur et notre expertise technique pour accompagner et former nos clients et utilisateurs aux diff\u00e9rents produits et syst\u00e8mes d\u2019information.<\/p>\n<p>[\/et_pb_text][\/et_pb_column][\/et_pb_row][et_pb_row column_structure=\u00a0\u00bb1_2,1_2&Prime; admin_label=\u00a0\u00bbDesktop\u00a0\u00bb module_id=\u00a0\u00bbdiplay-on-D\u00a0\u00bb module_class=\u00a0\u00bbmarginBM\u00a0\u00bb _builder_version=\u00a0\u00bb4.9.2&Prime; collapsed=\u00a0\u00bboff\u00a0\u00bb][et_pb_column type=\u00a0\u00bb1_2&Prime; module_class=\u00a0\u00bbwidth-50 paddingRight-50&Prime; _builder_version=\u00a0\u00bb4.0.11&Prime;][et_pb_text admin_label=\u00a0\u00bbH2 Title\u00a0\u00bb module_class=\u00a0\u00bbcustom-h2 marginBm\u00a0\u00bb _builder_version=\u00a0\u00bb4.0.11&Prime;]<\/p>\n<h2>SAV et maintenance<\/h2>\n<p>[\/et_pb_text][et_pb_text module_class=\u00a0\u00bbcustom-p2&Prime; _builder_version=\u00a0\u00bb4.0.11&Prime;]<\/p>\n<p>L\u2019\u00e9quipe ISIFISH r\u00e9ceptionne les demandes de SAV de ses clients et assure un service SAV de qualit\u00e9 avec les fabricants. Elle dispose \u00e9galement d\u2019un catalogue de pi\u00e8ces d\u00e9tach\u00e9es et de services de r\u00e9paration et r\u00e9vision assur\u00e9s par le fabricant d\u00e8s que cela est possible.<\/p>\n<p>[\/et_pb_text][\/et_pb_column][et_pb_column type=\u00a0\u00bb1_2&Prime; module_class=\u00a0\u00bbwidth-50&Prime; _builder_version=\u00a0\u00bb4.0.11&Prime;][et_pb_image src=\u00a0\u00bbhttps:\/\/www.isifish.fr\/wp-content\/uploads\/2021\/04\/isifish-Etude-et-innovation-5.jpg\u00a0\u00bb title_text=\u00a0\u00bbisifish &#8211; Etude et innovation 5&Prime; module_class=\u00a0\u00bbwidth-100&Prime; _builder_version=\u00a0\u00bb4.9.2&Prime;][\/et_pb_image][\/et_pb_column][\/et_pb_row][et_pb_row column_structure=\u00a0\u00bb1_2,1_2&Prime; admin_label=\u00a0\u00bbMobile\u00a0\u00bb module_id=\u00a0\u00bbdiplay-on-M\u00a0\u00bb module_class=\u00a0\u00bbmarginBM\u00a0\u00bb _builder_version=\u00a0\u00bb4.9.2&Prime; collapsed=\u00a0\u00bboff\u00a0\u00bb][et_pb_column type=\u00a0\u00bb1_2&Prime; module_class=\u00a0\u00bbwidth-50 paddingRight-50&Prime; _builder_version=\u00a0\u00bb4.0.11&Prime;][et_pb_image src=\u00a0\u00bbhttps:\/\/www.isifish.fr\/wp-content\/uploads\/2021\/04\/isifish-Etude-et-innovation-5.jpg\u00a0\u00bb title_text=\u00a0\u00bbisifish &#8211; Etude et innovation 5&Prime; module_class=\u00a0\u00bbwidth-100&Prime; _builder_version=\u00a0\u00bb4.9.2&Prime;][\/et_pb_image][\/et_pb_column][et_pb_column type=\u00a0\u00bb1_2&Prime; module_class=\u00a0\u00bbwidth-50&Prime; _builder_version=\u00a0\u00bb4.0.11&Prime;][et_pb_text admin_label=\u00a0\u00bbH2 Title\u00a0\u00bb module_class=\u00a0\u00bbcustom-h2 marginBm noMarginb-M margin-top-20&Prime; _builder_version=\u00a0\u00bb4.9.2&Prime;]<\/p>\n<h2>SAV et maintenance<\/h2>\n<p>[\/et_pb_text][et_pb_text module_class=\u00a0\u00bbcustom-p2&Prime; _builder_version=\u00a0\u00bb4.0.11&Prime;]<\/p>\n<p>L\u2019\u00e9quipe ISIFISH r\u00e9ceptionne les demandes de SAV de ses clients et assure un service SAV de qualit\u00e9 avec les fabricants. Elle dispose \u00e9galement d\u2019un catalogue de pi\u00e8ces d\u00e9tach\u00e9es et de services de r\u00e9paration et r\u00e9vision assur\u00e9s par le fabricant d\u00e8s que cela est possible.<\/p>\n<p>[\/et_pb_text][\/et_pb_column][\/et_pb_row][\/et_pb_section]<\/p>\n","protected":false},"excerpt":{"rendered":"<p>[et_pb_section fb_built=\u00a0\u00bb1&Prime; admin_label=\u00a0\u00bbTite + description\u00a0\u00bb _builder_version=\u00a0\u00bb4.0.11&Prime; collapsed=\u00a0\u00bboff\u00a0\u00bb][et_pb_row admin_label=\u00a0\u00bbLigne\u00a0\u00bb _builder_version=\u00a0\u00bb4.9.2&Prime; collapsed=\u00a0\u00bboff\u00a0\u00bb][et_pb_column type=\u00a0\u00bb4_4&Prime; _builder_version=\u00a0\u00bb4.0.11&Prime;][et_pb_text admin_label=\u00a0\u00bbTitre h1&Prime; module_class=\u00a0\u00bbh1_page_title marginBm\u00a0\u00bb _builder_version=\u00a0\u00bb4.9.2&Prime;] UNE M\u00c9THODOLOGIE \u00c9PROUV\u00c9E DEPUIS 2012 [\/et_pb_text][et_pb_text admin_label=\u00a0\u00bbdescription \u00a0\u00bb module_class=\u00a0\u00bbcustom-p2&Prime; _builder_version=\u00a0\u00bb4.9.2&Prime; hover_enabled=\u00a0\u00bb0&Prime; sticky_enabled=\u00a0\u00bb0&Prime;] Fortes de ses comp\u00e9tences en halieutique et de ses connaissances du secteur maritime, l\u2019\u00e9quipe ISIFISH guide depuis toujours ses clients dans le choix de solutions technologiques [&hellip;]<\/p>\n","protected":false},"author":1,"featured_media":0,"parent":0,"menu_order":0,"comment_status":"closed","ping_status":"closed","template":"","meta":{"_acf_changed":false,"_et_pb_use_builder":"on","_et_pb_old_content":"","_et_gb_content_width":"","footnotes":""},"class_list":["post-890","page","type-page","status-publish","hentry"],"acf":[],"yoast_head":"<!-- This site is optimized with the Yoast SEO plugin v27.4 - https:\/\/yoast.com\/product\/yoast-seo-wordpress\/ -->\n<title>Etude et innovation - isifish<\/title>\n<meta name=\"robots\" content=\"index, follow, max-snippet:-1, max-image-preview:large, max-video-preview:-1\" \/>\n<link rel=\"canonical\" href=\"https:\/\/www.isifish.fr\/fr\/etude-innovation\/\" \/>\n<meta property=\"og:locale\" content=\"fr_FR\" \/>\n<meta property=\"og:type\" content=\"article\" \/>\n<meta property=\"og:title\" content=\"Etude et innovation - isifish\" \/>\n<meta property=\"og:description\" content=\"[et_pb_section fb_built=\u00a0\u00bb1&Prime; admin_label=\u00a0\u00bbTite + description\u00a0\u00bb _builder_version=\u00a0\u00bb4.0.11&Prime; collapsed=\u00a0\u00bboff\u00a0\u00bb][et_pb_row admin_label=\u00a0\u00bbLigne\u00a0\u00bb _builder_version=\u00a0\u00bb4.9.2&Prime; collapsed=\u00a0\u00bboff\u00a0\u00bb][et_pb_column type=\u00a0\u00bb4_4&Prime; _builder_version=\u00a0\u00bb4.0.11&Prime;][et_pb_text admin_label=\u00a0\u00bbTitre h1&Prime; module_class=\u00a0\u00bbh1_page_title marginBm\u00a0\u00bb _builder_version=\u00a0\u00bb4.9.2&Prime;] UNE M\u00c9THODOLOGIE \u00c9PROUV\u00c9E DEPUIS 2012 [\/et_pb_text][et_pb_text admin_label=\u00a0\u00bbdescription \u00a0\u00bb module_class=\u00a0\u00bbcustom-p2&Prime; _builder_version=\u00a0\u00bb4.9.2&Prime; hover_enabled=\u00a0\u00bb0&Prime; sticky_enabled=\u00a0\u00bb0&Prime;] Fortes de ses comp\u00e9tences en halieutique et de ses connaissances du secteur maritime, l\u2019\u00e9quipe ISIFISH guide depuis toujours ses clients dans le choix de solutions technologiques [&hellip;]\" \/>\n<meta property=\"og:url\" content=\"https:\/\/www.isifish.fr\/fr\/etude-innovation\/\" \/>\n<meta property=\"og:site_name\" content=\"isifish\" \/>\n<meta property=\"article:modified_time\" content=\"2025-01-08T13:36:44+00:00\" \/>\n<meta name=\"twitter:card\" content=\"summary_large_image\" \/>\n<meta name=\"twitter:label1\" content=\"Dur\u00e9e de lecture estim\u00e9e\" \/>\n\t<meta name=\"twitter:data1\" content=\"5 minutes\" \/>\n<script type=\"application\/ld+json\" class=\"yoast-schema-graph\">{\"@context\":\"https:\\\/\\\/schema.org\",\"@graph\":[{\"@type\":\"WebPage\",\"@id\":\"https:\\\/\\\/www.isifish.fr\\\/fr\\\/etude-innovation\\\/\",\"url\":\"https:\\\/\\\/www.isifish.fr\\\/fr\\\/etude-innovation\\\/\",\"name\":\"Etude et innovation - isifish\",\"isPartOf\":{\"@id\":\"https:\\\/\\\/www.isifish.fr\\\/fr\\\/#website\"},\"datePublished\":\"2021-03-19T05:28:23+00:00\",\"dateModified\":\"2025-01-08T13:36:44+00:00\",\"breadcrumb\":{\"@id\":\"https:\\\/\\\/www.isifish.fr\\\/fr\\\/etude-innovation\\\/#breadcrumb\"},\"inLanguage\":\"fr-FR\",\"potentialAction\":[{\"@type\":\"ReadAction\",\"target\":[\"https:\\\/\\\/www.isifish.fr\\\/fr\\\/etude-innovation\\\/\"]}]},{\"@type\":\"BreadcrumbList\",\"@id\":\"https:\\\/\\\/www.isifish.fr\\\/fr\\\/etude-innovation\\\/#breadcrumb\",\"itemListElement\":[{\"@type\":\"ListItem\",\"position\":1,\"name\":\"Accueil\",\"item\":\"https:\\\/\\\/www.isifish.fr\\\/fr\\\/\"},{\"@type\":\"ListItem\",\"position\":2,\"name\":\"Etude et innovation\"}]},{\"@type\":\"WebSite\",\"@id\":\"https:\\\/\\\/www.isifish.fr\\\/fr\\\/#website\",\"url\":\"https:\\\/\\\/www.isifish.fr\\\/fr\\\/\",\"name\":\"isifish\",\"description\":\"Conseil &amp; \u00e9quipement en syst\u00e8mes de g\u00e9olocalisation pour le secteur maritime\",\"potentialAction\":[{\"@type\":\"SearchAction\",\"target\":{\"@type\":\"EntryPoint\",\"urlTemplate\":\"https:\\\/\\\/www.isifish.fr\\\/fr\\\/?s={search_term_string}\"},\"query-input\":{\"@type\":\"PropertyValueSpecification\",\"valueRequired\":true,\"valueName\":\"search_term_string\"}}],\"inLanguage\":\"fr-FR\"}]}<\/script>\n<!-- \/ Yoast SEO plugin. -->","yoast_head_json":{"title":"Etude et innovation - isifish","robots":{"index":"index","follow":"follow","max-snippet":"max-snippet:-1","max-image-preview":"max-image-preview:large","max-video-preview":"max-video-preview:-1"},"canonical":"https:\/\/www.isifish.fr\/fr\/etude-innovation\/","og_locale":"fr_FR","og_type":"article","og_title":"Etude et innovation - isifish","og_description":"[et_pb_section fb_built=\u00a0\u00bb1&Prime; admin_label=\u00a0\u00bbTite + description\u00a0\u00bb _builder_version=\u00a0\u00bb4.0.11&Prime; collapsed=\u00a0\u00bboff\u00a0\u00bb][et_pb_row admin_label=\u00a0\u00bbLigne\u00a0\u00bb _builder_version=\u00a0\u00bb4.9.2&Prime; collapsed=\u00a0\u00bboff\u00a0\u00bb][et_pb_column type=\u00a0\u00bb4_4&Prime; _builder_version=\u00a0\u00bb4.0.11&Prime;][et_pb_text admin_label=\u00a0\u00bbTitre h1&Prime; module_class=\u00a0\u00bbh1_page_title marginBm\u00a0\u00bb _builder_version=\u00a0\u00bb4.9.2&Prime;] UNE M\u00c9THODOLOGIE \u00c9PROUV\u00c9E DEPUIS 2012 [\/et_pb_text][et_pb_text admin_label=\u00a0\u00bbdescription \u00a0\u00bb module_class=\u00a0\u00bbcustom-p2&Prime; _builder_version=\u00a0\u00bb4.9.2&Prime; hover_enabled=\u00a0\u00bb0&Prime; sticky_enabled=\u00a0\u00bb0&Prime;] Fortes de ses comp\u00e9tences en halieutique et de ses connaissances du secteur maritime, l\u2019\u00e9quipe ISIFISH guide depuis toujours ses clients dans le choix de solutions technologiques [&hellip;]","og_url":"https:\/\/www.isifish.fr\/fr\/etude-innovation\/","og_site_name":"isifish","article_modified_time":"2025-01-08T13:36:44+00:00","twitter_card":"summary_large_image","twitter_misc":{"Dur\u00e9e de lecture estim\u00e9e":"5 minutes"},"schema":{"@context":"https:\/\/schema.org","@graph":[{"@type":"WebPage","@id":"https:\/\/www.isifish.fr\/fr\/etude-innovation\/","url":"https:\/\/www.isifish.fr\/fr\/etude-innovation\/","name":"Etude et innovation - isifish","isPartOf":{"@id":"https:\/\/www.isifish.fr\/fr\/#website"},"datePublished":"2021-03-19T05:28:23+00:00","dateModified":"2025-01-08T13:36:44+00:00","breadcrumb":{"@id":"https:\/\/www.isifish.fr\/fr\/etude-innovation\/#breadcrumb"},"inLanguage":"fr-FR","potentialAction":[{"@type":"ReadAction","target":["https:\/\/www.isifish.fr\/fr\/etude-innovation\/"]}]},{"@type":"BreadcrumbList","@id":"https:\/\/www.isifish.fr\/fr\/etude-innovation\/#breadcrumb","itemListElement":[{"@type":"ListItem","position":1,"name":"Accueil","item":"https:\/\/www.isifish.fr\/fr\/"},{"@type":"ListItem","position":2,"name":"Etude et innovation"}]},{"@type":"WebSite","@id":"https:\/\/www.isifish.fr\/fr\/#website","url":"https:\/\/www.isifish.fr\/fr\/","name":"isifish","description":"Conseil &amp; \u00e9quipement en syst\u00e8mes de g\u00e9olocalisation pour le secteur maritime","potentialAction":[{"@type":"SearchAction","target":{"@type":"EntryPoint","urlTemplate":"https:\/\/www.isifish.fr\/fr\/?s={search_term_string}"},"query-input":{"@type":"PropertyValueSpecification","valueRequired":true,"valueName":"search_term_string"}}],"inLanguage":"fr-FR"}]}},"_links":{"self":[{"href":"https:\/\/www.isifish.fr\/fr\/wp-json\/wp\/v2\/pages\/890","targetHints":{"allow":["GET"]}}],"collection":[{"href":"https:\/\/www.isifish.fr\/fr\/wp-json\/wp\/v2\/pages"}],"about":[{"href":"https:\/\/www.isifish.fr\/fr\/wp-json\/wp\/v2\/types\/page"}],"author":[{"embeddable":true,"href":"https:\/\/www.isifish.fr\/fr\/wp-json\/wp\/v2\/users\/1"}],"replies":[{"embeddable":true,"href":"https:\/\/www.isifish.fr\/fr\/wp-json\/wp\/v2\/comments?post=890"}],"version-history":[{"count":48,"href":"https:\/\/www.isifish.fr\/fr\/wp-json\/wp\/v2\/pages\/890\/revisions"}],"predecessor-version":[{"id":2630,"href":"https:\/\/www.isifish.fr\/fr\/wp-json\/wp\/v2\/pages\/890\/revisions\/2630"}],"wp:attachment":[{"href":"https:\/\/www.isifish.fr\/fr\/wp-json\/wp\/v2\/media?parent=890"}],"curies":[{"name":"wp","href":"https:\/\/api.w.org\/{rel}","templated":true}]}}